{"id":13,"date":"2025-07-07T08:48:27","date_gmt":"2025-07-07T08:48:27","guid":{"rendered":"https:\/\/carpinteriamoran.com\/?page_id=13"},"modified":"2025-07-07T10:10:17","modified_gmt":"2025-07-07T10:10:17","slug":"contacto","status":"publish","type":"page","link":"https:\/\/carpinteriamoran.com\/en\/contacto\/","title":{"rendered":"Contacto"},"content":{"rendered":"<div data-elementor-type=\"wp-page\" data-elementor-id=\"13\" class=\"elementor elementor-13\" data-elementor-post-type=\"page\">\n\t\t\t\t<div class=\"elementor-element elementor-element-6d052474 e-con-full e-flex e-con e-parent\" data-id=\"6d052474\" data-element_type=\"container\">\n\t\t<div class=\"elementor-element elementor-element-453afc61 e-con-full e-flex e-con e-child\" data-id=\"453afc61\" data-element_type=\"container\">\n\t\t\t\t<div class=\"elementor-element elementor-element-5d10f65e elementor-widget elementor-widget-heading\" data-id=\"5d10f65e\" data-element_type=\"widget\" data-widget_type=\"heading.default\">\n\t\t\t\t\t<h1 class=\"elementor-heading-title elementor-size-default\">Contacto<\/h1>\t\t\t\t<\/div>\n\t\t\t\t<div class=\"elementor-element elementor-element-531005e5 elementor-widget-divider--view-line elementor-widget elementor-widget-divider\" data-id=\"531005e5\" data-element_type=\"widget\" data-widget_type=\"divider.default\">\n\t\t\t\t\t\t\t<div class=\"elementor-divider\">\n\t\t\t<span class=\"elementor-divider-separator\">\n\t\t\t\t\t\t<\/span>\n\t\t<\/div>\n\t\t\t\t\t\t<\/div>\n\t\t<div class=\"elementor-element elementor-element-77da0f66 e-con-full e-flex e-con e-child\" data-id=\"77da0f66\" data-element_type=\"container\">\n\t\t\t\t<div class=\"elementor-element elementor-element-3e52a42d elementor-widget elementor-widget-heading\" data-id=\"3e52a42d\" data-element_type=\"widget\" data-widget_type=\"heading.default\">\n\t\t\t\t\t<h2 class=\"elementor-heading-title elementor-size-default\">Horario<\/h2>\t\t\t\t<\/div>\n\t\t\t\t<div class=\"elementor-element elementor-element-3d5aabbe elementor-icon-list--layout-traditional elementor-list-item-link-full_width elementor-widget elementor-widget-icon-list\" data-id=\"3d5aabbe\" data-element_type=\"widget\" data-widget_type=\"icon-list.default\">\n\t\t\t\t\t\t\t<ul class=\"elementor-icon-list-items\">\n\t\t\t\t\t\t\t<li class=\"elementor-icon-list-item\">\n\t\t\t\t\t\t\t\t\t\t<span class=\"elementor-icon-list-text\">Lun-Vie 9:00 - 18:00<\/span>\n\t\t\t\t\t\t\t\t\t<\/li>\n\t\t\t\t\t\t\t\t<li class=\"elementor-icon-list-item\">\n\t\t\t\t\t\t\t\t\t\t<span class=\"elementor-icon-list-text\">Sab 10:00 - 13:00<\/span>\n\t\t\t\t\t\t\t\t\t<\/li>\n\t\t\t\t\t\t<\/ul>\n\t\t\t\t\t\t<\/div>\n\t\t\t\t<\/div>\n\t\t<div class=\"elementor-element elementor-element-71a580ab e-con-full e-flex e-con e-child\" data-id=\"71a580ab\" data-element_type=\"container\">\n\t\t\t\t<div class=\"elementor-element elementor-element-675930e2 elementor-widget elementor-widget-heading\" data-id=\"675930e2\" data-element_type=\"widget\" data-widget_type=\"heading.default\">\n\t\t\t\t\t<h2 class=\"elementor-heading-title elementor-size-default\">Contact Info<\/h2>\t\t\t\t<\/div>\n\t\t\t\t<div class=\"elementor-element elementor-element-68627f83 elementor-icon-list--layout-traditional elementor-list-item-link-full_width elementor-widget elementor-widget-icon-list\" data-id=\"68627f83\" data-element_type=\"widget\" data-widget_type=\"icon-list.default\">\n\t\t\t\t\t\t\t<ul class=\"elementor-icon-list-items\">\n\t\t\t\t\t\t\t<li class=\"elementor-icon-list-item\">\n\t\t\t\t\t\t\t\t\t\t<span class=\"elementor-icon-list-text\">925 32 12 11<\/span>\n\t\t\t\t\t\t\t\t\t<\/li>\n\t\t\t\t\t\t\t\t<li class=\"elementor-icon-list-item\">\n\t\t\t\t\t\t\t\t\t\t<span class=\"elementor-icon-list-text\">info@carpinteriamoran.com<\/span>\n\t\t\t\t\t\t\t\t\t<\/li>\n\t\t\t\t\t\t<\/ul>\n\t\t\t\t\t\t<\/div>\n\t\t\t\t<\/div>\n\t\t<div class=\"elementor-element elementor-element-5bafbbb e-con-full e-flex e-con e-child\" data-id=\"5bafbbb\" data-element_type=\"container\">\n\t\t\t\t<div class=\"elementor-element elementor-element-5ff19d8b elementor-widget elementor-widget-heading\" data-id=\"5ff19d8b\" data-element_type=\"widget\" data-widget_type=\"heading.default\">\n\t\t\t\t\t<h2 class=\"elementor-heading-title elementor-size-default\">Localizaci\u00f3n<\/h2>\t\t\t\t<\/div>\n\t\t\t\t<div class=\"elementor-element elementor-element-1265284d elementor-widget elementor-widget-text-editor\" data-id=\"1265284d\" data-element_type=\"widget\" data-widget_type=\"text-editor.default\">\n\t\t\t\t\t\t\t\t\t<p>C. Jovellanos, 12, 45470 Los Y\u00e9benes, Toledo<\/p>\t\t\t\t\t\t\t\t<\/div>\n\t\t\t\t<\/div>\n\t\t\t\t<\/div>\n\t\t<div class=\"elementor-element elementor-element-614a4d66 e-con-full e-flex e-con e-child\" data-id=\"614a4d66\" data-element_type=\"container\" data-settings=\"{&quot;background_background&quot;:&quot;classic&quot;}\">\n\t\t\t\t<\/div>\n\t\t\t\t<\/div>\n\t\t<div class=\"elementor-element elementor-element-61aedc0f e-con-full e-flex e-con e-parent\" data-id=\"61aedc0f\" data-element_type=\"container\">\n\t\t<div class=\"elementor-element elementor-element-64960c9a e-con-full e-flex e-con e-child\" data-id=\"64960c9a\" data-element_type=\"container\">\n\t\t\t\t<div class=\"elementor-element elementor-element-6b553867 elementor-widget elementor-widget-google_maps\" data-id=\"6b553867\" data-element_type=\"widget\" data-widget_type=\"google_maps.default\">\n\t\t\t\t\t\t\t<div class=\"elementor-custom-embed\">\n\t\t\t<iframe loading=\"lazy\"\n\t\t\t\t\tsrc=\"https:\/\/maps.google.com\/maps?q=Santigo%20Mor%C3%A1n%20Pozo&#038;t=m&#038;z=17&#038;output=embed&#038;iwloc=near\"\n\t\t\t\t\ttitle=\"Santigo Mor\u00e1n Pozo\"\n\t\t\t\t\taria-label=\"Santigo Mor\u00e1n Pozo\"\n\t\t\t><\/iframe>\n\t\t<\/div>\n\t\t\t\t\t\t<\/div>\n\t\t\t\t<\/div>\n\t\t<div class=\"elementor-element elementor-element-5b7d19b9 e-con-full e-flex e-con e-child\" data-id=\"5b7d19b9\" data-element_type=\"container\">\n\t\t\t\t<div class=\"elementor-element elementor-element-513dce00 elementor-widget elementor-widget-heading\" data-id=\"513dce00\" data-element_type=\"widget\" data-widget_type=\"heading.default\">\n\t\t\t\t\t<h2 class=\"elementor-heading-title elementor-size-default\">Vis\u00edtanos<\/h2>\t\t\t\t<\/div>\n\t\t\t\t<div class=\"elementor-element elementor-element-38d883d6 elementor-widget-divider--view-line elementor-widget elementor-widget-divider\" data-id=\"38d883d6\" data-element_type=\"widget\" data-widget_type=\"divider.default\">\n\t\t\t\t\t\t\t<div class=\"elementor-divider\">\n\t\t\t<span class=\"elementor-divider-separator\">\n\t\t\t\t\t\t<\/span>\n\t\t<\/div>\n\t\t\t\t\t\t<\/div>\n\t\t\t\t<div class=\"elementor-element elementor-element-257e52de elementor-widget__width-initial elementor-widget elementor-widget-text-editor\" data-id=\"257e52de\" data-element_type=\"widget\" data-widget_type=\"text-editor.default\">\n\t\t\t\t\t\t\t\t\t<p>C\/ Jovellanos, 12, 45470 Los Y\u00e9benes, Toledo<\/p>\t\t\t\t\t\t\t\t<\/div>\n\t\t\t\t<\/div>\n\t\t\t\t<\/div>\n\t\t\t\t<\/div>","protected":false},"excerpt":{"rendered":"<p>Contacto Horario Lun-Vie 9:00 &#8211; 18:00 Sab 10:00 &#8211; 13:00 Contact Info 925 32 12 11 info@carpinteriamoran.com Localizaci\u00f3n C. Jovellanos, 12, 45470 Los Y\u00e9benes, Toledo Vis\u00edtanos C\/ Jovellanos, 12, 45470 Los Y\u00e9benes, Toledo<\/p>","protected":false},"author":1,"featured_media":0,"parent":0,"menu_order":0,"comment_status":"closed","ping_status":"closed","template":"elementor_header_footer","meta":{"footnotes":""},"class_list":["post-13","page","type-page","status-publish","hentry"],"_links":{"self":[{"href":"https:\/\/carpinteriamoran.com\/en\/wp-json\/wp\/v2\/pages\/13","targetHints":{"allow":["GET"]}}],"collection":[{"href":"https:\/\/carpinteriamoran.com\/en\/wp-json\/wp\/v2\/pages"}],"about":[{"href":"https:\/\/carpinteriamoran.com\/en\/wp-json\/wp\/v2\/types\/page"}],"author":[{"embeddable":true,"href":"https:\/\/carpinteriamoran.com\/en\/wp-json\/wp\/v2\/users\/1"}],"replies":[{"embeddable":true,"href":"https:\/\/carpinteriamoran.com\/en\/wp-json\/wp\/v2\/comments?post=13"}],"version-history":[{"count":0,"href":"https:\/\/carpinteriamoran.com\/en\/wp-json\/wp\/v2\/pages\/13\/revisions"}],"wp:attachment":[{"href":"https:\/\/carpinteriamoran.com\/en\/wp-json\/wp\/v2\/media?parent=13"}],"curies":[{"name":"wp","href":"https:\/\/api.w.org\/{rel}","templated":true}]}}