{"id":31,"date":"2025-07-07T08:48:29","date_gmt":"2025-07-07T08:48:29","guid":{"rendered":"https:\/\/carpinteriamoran.com\/?page_id=31"},"modified":"2025-07-07T10:07:13","modified_gmt":"2025-07-07T10:07:13","slug":"sobre-nosotros","status":"publish","type":"page","link":"https:\/\/carpinteriamoran.com\/en\/sobre-nosotros\/","title":{"rendered":"Sobre nosotros"},"content":{"rendered":"<div data-elementor-type=\"wp-page\" data-elementor-id=\"31\" class=\"elementor elementor-31\" data-elementor-post-type=\"page\">\n\t\t\t\t<div class=\"elementor-element elementor-element-2ec9d630 e-con-full e-flex e-con e-parent\" data-id=\"2ec9d630\" data-element_type=\"container\">\n\t\t<div class=\"elementor-element elementor-element-496edb39 e-con-full e-flex e-con e-child\" data-id=\"496edb39\" data-element_type=\"container\">\n\t\t\t\t<div class=\"elementor-element elementor-element-3353e39a elementor-widget elementor-widget-heading\" data-id=\"3353e39a\" data-element_type=\"widget\" data-widget_type=\"heading.default\">\n\t\t\t\t\t<h1 class=\"elementor-heading-title elementor-size-default\">Sobre nosotros<\/h1>\t\t\t\t<\/div>\n\t\t\t\t<div class=\"elementor-element elementor-element-21d3c373 elementor-widget-divider--view-line elementor-widget elementor-widget-divider\" data-id=\"21d3c373\" data-element_type=\"widget\" data-widget_type=\"divider.default\">\n\t\t\t\t\t\t\t<div class=\"elementor-divider\">\n\t\t\t<span class=\"elementor-divider-separator\">\n\t\t\t\t\t\t<\/span>\n\t\t<\/div>\n\t\t\t\t\t\t<\/div>\n\t\t\t\t<div class=\"elementor-element elementor-element-4a2fa918 elementor-widget__width-initial elementor-widget elementor-widget-text-editor\" data-id=\"4a2fa918\" data-element_type=\"widget\" data-widget_type=\"text-editor.default\">\n\t\t\t\t\t\t\t\t\t<p data-start=\"1375\" data-end=\"1574\">Somos una empresa familiar con una s\u00f3lida trayectoria en el sector de la carpinter\u00eda de madera y aluminio. Valoramos el trabajo bien hecho, la atenci\u00f3n personalizada y el compromiso con el cliente.<\/p><p data-start=\"1581\" data-end=\"1854\">Nuestra filosof\u00eda se basa en unir el respeto por la artesan\u00eda con las \u00faltimas tecnolog\u00edas, ofreciendo soluciones innovadoras sin perder el alma del oficio. Cada proyecto es \u00fanico y nos involucramos con el mismo esmero, ya sea un peque\u00f1o arreglo o un gran proyecto a medida.<\/p>\t\t\t\t\t\t\t\t<\/div>\n\t\t\t\t<\/div>\n\t\t<div class=\"elementor-element elementor-element-2ca5d2c0 e-con-full e-flex e-con e-child\" data-id=\"2ca5d2c0\" data-element_type=\"container\" data-settings=\"{&quot;background_background&quot;:&quot;classic&quot;}\">\n\t\t\t\t<\/div>\n\t\t\t\t<\/div>\n\t\t<div class=\"elementor-element elementor-element-771db64c e-con-full e-flex e-con e-parent\" data-id=\"771db64c\" data-element_type=\"container\">\n\t\t<div class=\"elementor-element elementor-element-94cc8e e-con-full e-flex e-con e-child\" data-id=\"94cc8e\" data-element_type=\"container\">\n\t\t\t\t<div class=\"elementor-element elementor-element-4172f58f elementor-pagination-position-inside elementor-widget elementor-widget-image-carousel\" data-id=\"4172f58f\" data-element_type=\"widget\" data-settings=\"{&quot;slides_to_show&quot;:&quot;1&quot;,&quot;navigation&quot;:&quot;dots&quot;,&quot;pause_on_hover&quot;:&quot;no&quot;,&quot;pause_on_interaction&quot;:&quot;no&quot;,&quot;autoplay&quot;:&quot;yes&quot;,&quot;autoplay_speed&quot;:5000,&quot;infinite&quot;:&quot;yes&quot;,&quot;effect&quot;:&quot;slide&quot;,&quot;speed&quot;:500}\" data-widget_type=\"image-carousel.default\">\n\t\t\t\t\t\t\t<div class=\"elementor-image-carousel-wrapper swiper\" role=\"region\" aria-roledescription=\"carousel\" aria-label=\"Carrusel de im\u00e1genes\" dir=\"ltr\">\n\t\t\t<div class=\"elementor-image-carousel swiper-wrapper swiper-image-stretch\" aria-live=\"off\">\n\t\t\t\t\t\t\t\t<div class=\"swiper-slide\" role=\"group\" aria-roledescription=\"slide\" aria-label=\"1 de 2\"><figure class=\"swiper-slide-inner\"><img decoding=\"async\" class=\"swiper-slide-image\" src=\"https:\/\/carpinteriamoran.com\/wp-content\/uploads\/2025\/07\/waldemar-QQ3bKoifrS0-unsplash.jpg\" alt=\"waldemar-QQ3bKoifrS0-unsplash\" \/><\/figure><\/div><div class=\"swiper-slide\" role=\"group\" aria-roledescription=\"slide\" aria-label=\"2 de 2\"><figure class=\"swiper-slide-inner\"><img decoding=\"async\" class=\"swiper-slide-image\" src=\"https:\/\/carpinteriamoran.com\/wp-content\/uploads\/2025\/07\/paseidon72-0HQL-1EwB6c-unsplash.jpg\" alt=\"paseidon72-0HQL-1EwB6c-unsplash\" \/><\/figure><\/div>\t\t\t<\/div>\n\t\t\t\t\t\t\t\n\t\t\t\t\t\t\t\t\t<div class=\"swiper-pagination\"><\/div>\n\t\t\t\t\t\t\t\t\t<\/div>\n\t\t\t\t\t\t<\/div>\n\t\t\t\t<\/div>\n\t\t<div class=\"elementor-element elementor-element-5c54cbf4 e-con-full e-flex e-con e-child\" data-id=\"5c54cbf4\" data-element_type=\"container\">\n\t\t\t\t<div class=\"elementor-element elementor-element-3349bbd0 elementor-widget elementor-widget-heading\" data-id=\"3349bbd0\" data-element_type=\"widget\" data-widget_type=\"heading.default\">\n\t\t\t\t\t<h2 class=\"elementor-heading-title elementor-size-default\">Nuestra Visi\u00f3n<\/h2>\t\t\t\t<\/div>\n\t\t\t\t<div class=\"elementor-element elementor-element-fb77d95 elementor-widget__width-initial elementor-widget elementor-widget-text-editor\" data-id=\"fb77d95\" data-element_type=\"widget\" data-widget_type=\"text-editor.default\">\n\t\t\t\t\t\t\t\t\t<p data-start=\"285\" data-end=\"524\">En nuestra carpinter\u00eda entendemos que cada proyecto es mucho m\u00e1s que un trabajo: es la oportunidad de materializar ilusiones, de aportar calidez, funcionalidad y belleza a los espacios donde las personas viven y construyen sus historias.<\/p><p data-start=\"527\" data-end=\"903\">Nuestra visi\u00f3n es clara y firme: preservar el legado artesanal que nos define, combinando la experiencia transmitida de generaci\u00f3n en generaci\u00f3n con las innovaciones t\u00e9cnicas que el presente exige. Creemos en el equilibrio entre tradici\u00f3n y modernidad, utilizando materiales de calidad y procesos responsables que aseguren resultados duraderos y est\u00e9ticamente sobresalientes.<\/p><p data-start=\"905\" data-end=\"1167\">Nos proyectamos hacia el futuro con el compromiso de seguir evolucionando, adapt\u00e1ndonos a las nuevas tendencias y necesidades del mercado, sin perder nunca la esencia de lo que somos: profesionales dedicados, honestos y apasionados por el arte de la carpinter\u00eda.<\/p>\t\t\t\t\t\t\t\t<\/div>\n\t\t\t\t<\/div>\n\t\t\t\t<\/div>\n\t\t\t\t<\/div>","protected":false},"excerpt":{"rendered":"<p>Sobre nosotros Somos una empresa familiar con una s\u00f3lida trayectoria en el sector de la carpinter\u00eda de madera y aluminio. Valoramos el trabajo bien hecho, la atenci\u00f3n personalizada y el compromiso con el cliente. Nuestra filosof\u00eda se basa en unir el respeto por la artesan\u00eda con las \u00faltimas tecnolog\u00edas, ofreciendo soluciones innovadoras sin perder el [&hellip;]<\/p>","protected":false},"author":1,"featured_media":0,"parent":0,"menu_order":0,"comment_status":"closed","ping_status":"closed","template":"elementor_header_footer","meta":{"footnotes":""},"class_list":["post-31","page","type-page","status-publish","hentry"],"_links":{"self":[{"href":"https:\/\/carpinteriamoran.com\/en\/wp-json\/wp\/v2\/pages\/31","targetHints":{"allow":["GET"]}}],"collection":[{"href":"https:\/\/carpinteriamoran.com\/en\/wp-json\/wp\/v2\/pages"}],"about":[{"href":"https:\/\/carpinteriamoran.com\/en\/wp-json\/wp\/v2\/types\/page"}],"author":[{"embeddable":true,"href":"https:\/\/carpinteriamoran.com\/en\/wp-json\/wp\/v2\/users\/1"}],"replies":[{"embeddable":true,"href":"https:\/\/carpinteriamoran.com\/en\/wp-json\/wp\/v2\/comments?post=31"}],"version-history":[{"count":0,"href":"https:\/\/carpinteriamoran.com\/en\/wp-json\/wp\/v2\/pages\/31\/revisions"}],"wp:attachment":[{"href":"https:\/\/carpinteriamoran.com\/en\/wp-json\/wp\/v2\/media?parent=31"}],"curies":[{"name":"wp","href":"https:\/\/api.w.org\/{rel}","templated":true}]}}