{"id":38,"date":"2025-07-07T08:48:29","date_gmt":"2025-07-07T08:48:29","guid":{"rendered":"https:\/\/carpinteriamoran.com\/?page_id=38"},"modified":"2025-12-11T16:26:13","modified_gmt":"2025-12-11T16:26:13","slug":"home","status":"publish","type":"page","link":"https:\/\/carpinteriamoran.com\/en\/","title":{"rendered":"Home"},"content":{"rendered":"<div data-elementor-type=\"wp-page\" data-elementor-id=\"38\" class=\"elementor elementor-38\" data-elementor-post-type=\"page\">\n\t\t\t\t<div class=\"elementor-element elementor-element-54768fda e-con-full e-flex e-con e-parent\" data-id=\"54768fda\" data-element_type=\"container\">\n\t\t<div class=\"elementor-element elementor-element-b3dbfd8 e-con-full e-flex e-con e-child\" data-id=\"b3dbfd8\" data-element_type=\"container\">\n\t\t\t\t<div class=\"elementor-element elementor-element-43831e8d elementor-widget elementor-widget-heading\" data-id=\"43831e8d\" data-element_type=\"widget\" data-widget_type=\"heading.default\">\n\t\t\t\t\t<h1 class=\"elementor-heading-title elementor-size-default\">Carpinter\u00eda Moran<\/h1>\t\t\t\t<\/div>\n\t\t\t\t<div class=\"elementor-element elementor-element-322f706 elementor-widget-divider--view-line elementor-widget elementor-widget-divider\" data-id=\"322f706\" data-element_type=\"widget\" data-widget_type=\"divider.default\">\n\t\t\t\t\t\t\t<div class=\"elementor-divider\">\n\t\t\t<span class=\"elementor-divider-separator\">\n\t\t\t\t\t\t<\/span>\n\t\t<\/div>\n\t\t\t\t\t\t<\/div>\n\t\t\t\t<div class=\"elementor-element elementor-element-6f99c144 elementor-widget__width-initial elementor-widget-mobile__width-inherit elementor-widget elementor-widget-text-editor\" data-id=\"6f99c144\" data-element_type=\"widget\" data-widget_type=\"text-editor.default\">\n\t\t\t\t\t\t\t\t\t<p>Tradici\u00f3n, Calidad e Innovaci\u00f3n<\/p>\t\t\t\t\t\t\t\t<\/div>\n\t\t\t\t<div class=\"elementor-element elementor-element-6380de1e elementor-mobile-align-center elementor-invisible elementor-widget elementor-widget-button\" data-id=\"6380de1e\" data-element_type=\"widget\" data-settings=\"{&quot;_animation&quot;:&quot;fadeInDown&quot;}\" data-widget_type=\"button.default\">\n\t\t\t\t\t\t\t\t\t\t<a class=\"elementor-button elementor-button-link elementor-size-sm\" href=\"\/en\/contacto\/\">\n\t\t\t\t\t\t<span class=\"elementor-button-content-wrapper\">\n\t\t\t\t\t\t\t\t\t<span class=\"elementor-button-text\">Presupuesto<\/span>\n\t\t\t\t\t<\/span>\n\t\t\t\t\t<\/a>\n\t\t\t\t\t\t\t\t<\/div>\n\t\t\t\t<\/div>\n\t\t<div class=\"elementor-element elementor-element-59102c52 e-con-full e-flex e-con e-child\" data-id=\"59102c52\" data-element_type=\"container\" data-settings=\"{&quot;background_background&quot;:&quot;classic&quot;}\">\n\t\t\t\t<\/div>\n\t\t\t\t<\/div>\n\t\t<div class=\"elementor-element elementor-element-603cf9f8 e-con-full e-flex e-con e-parent\" data-id=\"603cf9f8\" data-element_type=\"container\">\n\t\t\t\t<div class=\"elementor-element elementor-element-06abf7a elementor-widget elementor-widget-heading\" data-id=\"06abf7a\" data-element_type=\"widget\" data-widget_type=\"heading.default\">\n\t\t\t\t\t<h2 class=\"elementor-heading-title elementor-size-default\">Servicios<\/h2>\t\t\t\t<\/div>\n\t\t<div class=\"elementor-element elementor-element-750aab8a e-con-full e-flex e-con e-child\" data-id=\"750aab8a\" data-element_type=\"container\">\n\t\t<div class=\"elementor-element elementor-element-10f72d55 e-con-full e-flex e-con e-child\" data-id=\"10f72d55\" data-element_type=\"container\">\n\t\t\t\t<div class=\"elementor-element elementor-element-66da657e elementor-position-top elementor-widget elementor-widget-image-box\" data-id=\"66da657e\" data-element_type=\"widget\" data-widget_type=\"image-box.default\">\n\t\t\t\t\t<div class=\"elementor-image-box-wrapper\"><figure class=\"elementor-image-box-img\"><img fetchpriority=\"high\" decoding=\"async\" width=\"902\" height=\"864\" src=\"https:\/\/carpinteriamoran.com\/wp-content\/uploads\/2025\/12\/Generated-Image-December-11-2025-5_16PM-2.png\" class=\"attachment-full size-full wp-image-145\" alt=\"\" srcset=\"https:\/\/carpinteriamoran.com\/wp-content\/uploads\/2025\/12\/Generated-Image-December-11-2025-5_16PM-2.png 902w, https:\/\/carpinteriamoran.com\/wp-content\/uploads\/2025\/12\/Generated-Image-December-11-2025-5_16PM-2-300x287.png 300w, https:\/\/carpinteriamoran.com\/wp-content\/uploads\/2025\/12\/Generated-Image-December-11-2025-5_16PM-2-768x736.png 768w, https:\/\/carpinteriamoran.com\/wp-content\/uploads\/2025\/12\/Generated-Image-December-11-2025-5_16PM-2-13x12.png 13w\" sizes=\"(max-width: 902px) 100vw, 902px\" \/><\/figure><div class=\"elementor-image-box-content\"><h3 class=\"elementor-image-box-title\">Carpinter\u00eda de Madera<\/h3><p class=\"elementor-image-box-description\">Dise\u00f1amos y fabricamos puertas, ventanas, armarios, escaleras, tarimas y todo tipo de muebles en madera maciza o laminada. La madera aporta calidez, nobleza y un toque natural que transforma cualquier espacio.<\/p><\/div><\/div>\t\t\t\t<\/div>\n\t\t\t\t<\/div>\n\t\t<div class=\"elementor-element elementor-element-85a6f23 e-con-full e-flex e-con e-child\" data-id=\"85a6f23\" data-element_type=\"container\">\n\t\t\t\t<div class=\"elementor-element elementor-element-8458dd8 elementor-position-top elementor-widget elementor-widget-image-box\" data-id=\"8458dd8\" data-element_type=\"widget\" data-widget_type=\"image-box.default\">\n\t\t\t\t\t<div class=\"elementor-image-box-wrapper\"><figure class=\"elementor-image-box-img\"><img decoding=\"async\" width=\"600\" height=\"549\" src=\"https:\/\/carpinteriamoran.com\/wp-content\/uploads\/2025\/12\/Generated-Image-December-11-2025-5_04PM-1.png\" class=\"attachment-full size-full wp-image-140\" alt=\"\" srcset=\"https:\/\/carpinteriamoran.com\/wp-content\/uploads\/2025\/12\/Generated-Image-December-11-2025-5_04PM-1.png 600w, https:\/\/carpinteriamoran.com\/wp-content\/uploads\/2025\/12\/Generated-Image-December-11-2025-5_04PM-1-300x275.png 300w, https:\/\/carpinteriamoran.com\/wp-content\/uploads\/2025\/12\/Generated-Image-December-11-2025-5_04PM-1-13x12.png 13w\" sizes=\"(max-width: 600px) 100vw, 600px\" \/><\/figure><div class=\"elementor-image-box-content\"><h3 class=\"elementor-image-box-title\">Carpinter\u00eda de Aluminio<\/h3><p class=\"elementor-image-box-description\">Instalamos ventanas, puertas, cerramientos, barandillas y soluciones modernas en aluminio, con sistemas de rotura de puente t\u00e9rmico para mejorar la eficiencia energ\u00e9tica. Ideal para quienes buscan est\u00e9tica contempor\u00e1nea y m\u00ednimo mantenimiento.<\/p><\/div><\/div>\t\t\t\t<\/div>\n\t\t\t\t<\/div>\n\t\t\t\t<\/div>\n\t\t\t\t<\/div>\n\t\t<div class=\"elementor-element elementor-element-8c32df8 e-con-full e-flex e-con e-parent\" data-id=\"8c32df8\" data-element_type=\"container\">\n\t\t<div class=\"elementor-element elementor-element-fb8bf81 e-con-full e-flex e-con e-child\" data-id=\"fb8bf81\" data-element_type=\"container\">\n\t\t<div class=\"elementor-element elementor-element-d11c7d6 e-con-full e-flex e-con e-child\" data-id=\"d11c7d6\" data-element_type=\"container\">\n\t\t\t\t<div class=\"elementor-element elementor-element-77a1ded elementor-position-top elementor-widget elementor-widget-image-box\" data-id=\"77a1ded\" data-element_type=\"widget\" data-widget_type=\"image-box.default\">\n\t\t\t\t\t<div class=\"elementor-image-box-wrapper\"><figure class=\"elementor-image-box-img\"><img decoding=\"async\" width=\"916\" height=\"1024\" src=\"https:\/\/carpinteriamoran.com\/wp-content\/uploads\/2025\/12\/Generated-Image-December-11-2025-5_08PM-1.png\" class=\"attachment-full size-full wp-image-142\" alt=\"\" srcset=\"https:\/\/carpinteriamoran.com\/wp-content\/uploads\/2025\/12\/Generated-Image-December-11-2025-5_08PM-1.png 916w, https:\/\/carpinteriamoran.com\/wp-content\/uploads\/2025\/12\/Generated-Image-December-11-2025-5_08PM-1-268x300.png 268w, https:\/\/carpinteriamoran.com\/wp-content\/uploads\/2025\/12\/Generated-Image-December-11-2025-5_08PM-1-768x859.png 768w, https:\/\/carpinteriamoran.com\/wp-content\/uploads\/2025\/12\/Generated-Image-December-11-2025-5_08PM-1-11x12.png 11w\" sizes=\"(max-width: 916px) 100vw, 916px\" \/><\/figure><div class=\"elementor-image-box-content\"><h3 class=\"elementor-image-box-title\">Proyectos a Medida<\/h3><p class=\"elementor-image-box-description\">Realizamos trabajos totalmente personalizados. Escuchamos tus ideas y las convertimos en realidad, adapt\u00e1ndonos a espacios, necesidades t\u00e9cnicas y estilos decorativos.<\/p><\/div><\/div>\t\t\t\t<\/div>\n\t\t\t\t<\/div>\n\t\t<div class=\"elementor-element elementor-element-09084b5 e-con-full e-flex e-con e-child\" data-id=\"09084b5\" data-element_type=\"container\">\n\t\t\t\t<div class=\"elementor-element elementor-element-ca3b436 elementor-position-top elementor-widget elementor-widget-image-box\" data-id=\"ca3b436\" data-element_type=\"widget\" data-widget_type=\"image-box.default\">\n\t\t\t\t\t<div class=\"elementor-image-box-wrapper\"><figure class=\"elementor-image-box-img\"><img loading=\"lazy\" decoding=\"async\" width=\"926\" height=\"1024\" src=\"https:\/\/carpinteriamoran.com\/wp-content\/uploads\/2025\/12\/Generated-Image-December-11-2025-5_11PM-1.png\" class=\"attachment-full size-full wp-image-143\" alt=\"\" srcset=\"https:\/\/carpinteriamoran.com\/wp-content\/uploads\/2025\/12\/Generated-Image-December-11-2025-5_11PM-1.png 926w, https:\/\/carpinteriamoran.com\/wp-content\/uploads\/2025\/12\/Generated-Image-December-11-2025-5_11PM-1-271x300.png 271w, https:\/\/carpinteriamoran.com\/wp-content\/uploads\/2025\/12\/Generated-Image-December-11-2025-5_11PM-1-768x849.png 768w, https:\/\/carpinteriamoran.com\/wp-content\/uploads\/2025\/12\/Generated-Image-December-11-2025-5_11PM-1-11x12.png 11w\" sizes=\"(max-width: 926px) 100vw, 926px\" \/><\/figure><div class=\"elementor-image-box-content\"><h3 class=\"elementor-image-box-title\">Reparaciones y Mantenimiento<\/h3><p class=\"elementor-image-box-description\">Reparamos ventanas desajustadas, puertas que no cierran bien, herrajes, persianas y cualquier elemento de carpinter\u00eda, alargando la vida \u00fatil de tus instalaciones.<\/p><\/div><\/div>\t\t\t\t<\/div>\n\t\t\t\t<\/div>\n\t\t\t\t<\/div>\n\t\t\t\t<\/div>\n\t\t<div class=\"elementor-element elementor-element-5e07416a e-flex e-con-boxed e-con e-parent\" data-id=\"5e07416a\" data-element_type=\"container\">\n\t\t\t\t\t<div class=\"e-con-inner\">\n\t\t\t\t<div class=\"elementor-element elementor-element-13ca4282 elementor-widget elementor-widget-heading\" data-id=\"13ca4282\" data-element_type=\"widget\" data-widget_type=\"heading.default\">\n\t\t\t\t\t<h2 class=\"elementor-heading-title elementor-size-default\">Sobre nosotros<\/h2>\t\t\t\t<\/div>\n\t\t<div class=\"elementor-element elementor-element-ef2ce77 e-con-full e-flex e-con e-child\" data-id=\"ef2ce77\" data-element_type=\"container\">\n\t\t\t\t<div class=\"elementor-element elementor-element-cbde2b0 elementor-widget elementor-widget-image\" data-id=\"cbde2b0\" data-element_type=\"widget\" data-widget_type=\"image.default\">\n\t\t\t\t\t\t\t\t\t\t\t\t\t\t\t<img loading=\"lazy\" decoding=\"async\" width=\"500\" height=\"331\" src=\"https:\/\/carpinteriamoran.com\/wp-content\/uploads\/2025\/07\/ryno-marais-DAh2QTzVvgw-unsplash-1.jpg\" class=\"attachment-full size-full wp-image-109\" alt=\"\" srcset=\"https:\/\/carpinteriamoran.com\/wp-content\/uploads\/2025\/07\/ryno-marais-DAh2QTzVvgw-unsplash-1.jpg 500w, https:\/\/carpinteriamoran.com\/wp-content\/uploads\/2025\/07\/ryno-marais-DAh2QTzVvgw-unsplash-1-300x199.jpg 300w\" sizes=\"(max-width: 500px) 100vw, 500px\" \/>\t\t\t\t\t\t\t\t\t\t\t\t\t\t\t<\/div>\n\t\t<div class=\"elementor-element elementor-element-2d4385f9 e-con-full e-flex e-con e-child\" data-id=\"2d4385f9\" data-element_type=\"container\" data-settings=\"{&quot;background_background&quot;:&quot;classic&quot;}\">\n\t\t\t\t<\/div>\n\t\t\t\t<div class=\"elementor-element elementor-element-62f9959d elementor-widget elementor-widget-image\" data-id=\"62f9959d\" data-element_type=\"widget\" data-widget_type=\"image.default\">\n\t\t\t\t\t\t\t\t\t\t\t\t\t\t\t<img loading=\"lazy\" decoding=\"async\" width=\"600\" height=\"900\" src=\"https:\/\/carpinteriamoran.com\/wp-content\/uploads\/2025\/07\/chandler-cruttenden-lVkLebCwHig-unsplash-1.jpg\" class=\"attachment-full size-full wp-image-108\" alt=\"\" srcset=\"https:\/\/carpinteriamoran.com\/wp-content\/uploads\/2025\/07\/chandler-cruttenden-lVkLebCwHig-unsplash-1.jpg 600w, https:\/\/carpinteriamoran.com\/wp-content\/uploads\/2025\/07\/chandler-cruttenden-lVkLebCwHig-unsplash-1-200x300.jpg 200w\" sizes=\"(max-width: 600px) 100vw, 600px\" \/>\t\t\t\t\t\t\t\t\t\t\t\t\t\t\t<\/div>\n\t\t\t\t<\/div>\n\t\t<div class=\"elementor-element elementor-element-47bb9e4b e-con-full e-flex e-con e-child\" data-id=\"47bb9e4b\" data-element_type=\"container\">\n\t\t\t\t<div class=\"elementor-element elementor-element-1cb18cf4 elementor-widget elementor-widget-text-editor\" data-id=\"1cb18cf4\" data-element_type=\"widget\" data-widget_type=\"text-editor.default\">\n\t\t\t\t\t\t\t\t\t<p data-start=\"1375\" data-end=\"1574\">Somos una empresa familiar con una s\u00f3lida trayectoria en el sector de la carpinter\u00eda de madera y aluminio. Valoramos el trabajo bien hecho, la atenci\u00f3n personalizada y el compromiso con el cliente.<\/p><p data-start=\"1581\" data-end=\"1854\">Nuestra filosof\u00eda se basa en unir el respeto por la artesan\u00eda con las \u00faltimas tecnolog\u00edas, ofreciendo soluciones innovadoras sin perder el alma del oficio. Cada proyecto es \u00fanico y nos involucramos con el mismo esmero, ya sea un peque\u00f1o arreglo o un gran proyecto a medida.<\/p>\t\t\t\t\t\t\t\t<\/div>\n\t\t\t\t<div class=\"elementor-element elementor-element-31da2c37 elementor-align-center elementor-invisible elementor-widget elementor-widget-button\" data-id=\"31da2c37\" data-element_type=\"widget\" data-settings=\"{&quot;_animation&quot;:&quot;fadeInDown&quot;}\" data-widget_type=\"button.default\">\n\t\t\t\t\t\t\t\t\t\t<a class=\"elementor-button elementor-button-link elementor-size-sm\" href=\"\/en\/sobre-nosotros\/\">\n\t\t\t\t\t\t<span class=\"elementor-button-content-wrapper\">\n\t\t\t\t\t\t\t\t\t<span class=\"elementor-button-text\">Con\u00f3cenos<\/span>\n\t\t\t\t\t<\/span>\n\t\t\t\t\t<\/a>\n\t\t\t\t\t\t\t\t<\/div>\n\t\t\t\t<\/div>\n\t\t\t\t\t<\/div>\n\t\t\t\t<\/div>\n\t\t<div class=\"elementor-element elementor-element-64602dce e-con-full e-flex e-con e-parent\" data-id=\"64602dce\" data-element_type=\"container\">\n\t\t<div class=\"elementor-element elementor-element-13d7bffc e-con-full e-flex e-con e-child\" data-id=\"13d7bffc\" data-element_type=\"container\">\n\t\t\t\t<div class=\"elementor-element elementor-element-541ca2e6 elementor-pagination-position-inside elementor-widget elementor-widget-image-carousel\" data-id=\"541ca2e6\" data-element_type=\"widget\" data-settings=\"{&quot;slides_to_show&quot;:&quot;1&quot;,&quot;navigation&quot;:&quot;dots&quot;,&quot;pause_on_hover&quot;:&quot;no&quot;,&quot;pause_on_interaction&quot;:&quot;no&quot;,&quot;autoplay&quot;:&quot;yes&quot;,&quot;autoplay_speed&quot;:5000,&quot;infinite&quot;:&quot;yes&quot;,&quot;effect&quot;:&quot;slide&quot;,&quot;speed&quot;:500}\" data-widget_type=\"image-carousel.default\">\n\t\t\t\t\t\t\t<div class=\"elementor-image-carousel-wrapper swiper\" role=\"region\" aria-roledescription=\"carousel\" aria-label=\"Carrusel de im\u00e1genes\" dir=\"ltr\">\n\t\t\t<div class=\"elementor-image-carousel swiper-wrapper swiper-image-stretch\" aria-live=\"off\">\n\t\t\t\t\t\t\t\t<div class=\"swiper-slide\" role=\"group\" aria-roledescription=\"slide\" aria-label=\"1 de 2\"><figure class=\"swiper-slide-inner\"><img decoding=\"async\" class=\"swiper-slide-image\" src=\"https:\/\/carpinteriamoran.com\/wp-content\/uploads\/2025\/07\/paseidon72-0HQL-1EwB6c-unsplash.jpg\" alt=\"paseidon72-0HQL-1EwB6c-unsplash\" \/><\/figure><\/div><div class=\"swiper-slide\" role=\"group\" aria-roledescription=\"slide\" aria-label=\"2 de 2\"><figure class=\"swiper-slide-inner\"><img decoding=\"async\" class=\"swiper-slide-image\" src=\"https:\/\/carpinteriamoran.com\/wp-content\/uploads\/2025\/07\/waldemar-QQ3bKoifrS0-unsplash.jpg\" alt=\"waldemar-QQ3bKoifrS0-unsplash\" \/><\/figure><\/div>\t\t\t<\/div>\n\t\t\t\t\t\t\t\n\t\t\t\t\t\t\t\t\t<div class=\"swiper-pagination\"><\/div>\n\t\t\t\t\t\t\t\t\t<\/div>\n\t\t\t\t\t\t<\/div>\n\t\t\t\t<\/div>\n\t\t<div class=\"elementor-element elementor-element-2bc4d7a2 e-con-full e-flex e-con e-child\" data-id=\"2bc4d7a2\" data-element_type=\"container\">\n\t\t\t\t<div class=\"elementor-element elementor-element-1f08210a elementor-widget elementor-widget-heading\" data-id=\"1f08210a\" data-element_type=\"widget\" data-widget_type=\"heading.default\">\n\t\t\t\t\t<h2 class=\"elementor-heading-title elementor-size-default\">PROYECTOS REALIZADOS<\/h2>\t\t\t\t<\/div>\n\t\t\t\t<div class=\"elementor-element elementor-element-f2744ef elementor-widget__width-initial elementor-widget elementor-widget-text-editor\" data-id=\"f2744ef\" data-element_type=\"widget\" data-widget_type=\"text-editor.default\">\n\t\t\t\t\t\t\t\t\t<p>Te mostramos una selecci\u00f3n de trabajos que reflejan nuestra versatilidad y cuidado por los detalles. Cada proyecto es el resultado de la confianza de nuestros clientes y de nuestro compromiso con la excelencia.<\/p>\t\t\t\t\t\t\t\t<\/div>\n\t\t\t\t<div class=\"elementor-element elementor-element-7824db44 elementor-align-left elementor-mobile-align-center elementor-invisible elementor-widget elementor-widget-button\" data-id=\"7824db44\" data-element_type=\"widget\" data-settings=\"{&quot;_animation&quot;:&quot;fadeInDown&quot;}\" data-widget_type=\"button.default\">\n\t\t\t\t\t\t\t\t\t\t<a class=\"elementor-button elementor-button-link elementor-size-sm\" href=\"\/en\/contacto\/\">\n\t\t\t\t\t\t<span class=\"elementor-button-content-wrapper\">\n\t\t\t\t\t\t\t\t\t<span class=\"elementor-button-text\">Contacto<\/span>\n\t\t\t\t\t<\/span>\n\t\t\t\t\t<\/a>\n\t\t\t\t\t\t\t\t<\/div>\n\t\t\t\t<\/div>\n\t\t\t\t<\/div>\n\t\t\t\t<\/div>","protected":false},"excerpt":{"rendered":"<p>Carpinter\u00eda Moran Tradici\u00f3n, Calidad e Innovaci\u00f3n Presupuesto Servicios Carpinter\u00eda de Madera Dise\u00f1amos y fabricamos puertas, ventanas, armarios, escaleras, tarimas y todo tipo de muebles en madera maciza o laminada. La madera aporta calidez, nobleza y un toque natural que transforma cualquier espacio. Carpinter\u00eda de Aluminio Instalamos ventanas, puertas, cerramientos, barandillas y soluciones modernas en aluminio, [&hellip;]<\/p>","protected":false},"author":1,"featured_media":0,"parent":0,"menu_order":0,"comment_status":"closed","ping_status":"closed","template":"elementor_header_footer","meta":{"footnotes":""},"class_list":["post-38","page","type-page","status-publish","hentry"],"_links":{"self":[{"href":"https:\/\/carpinteriamoran.com\/en\/wp-json\/wp\/v2\/pages\/38","targetHints":{"allow":["GET"]}}],"collection":[{"href":"https:\/\/carpinteriamoran.com\/en\/wp-json\/wp\/v2\/pages"}],"about":[{"href":"https:\/\/carpinteriamoran.com\/en\/wp-json\/wp\/v2\/types\/page"}],"author":[{"embeddable":true,"href":"https:\/\/carpinteriamoran.com\/en\/wp-json\/wp\/v2\/users\/1"}],"replies":[{"embeddable":true,"href":"https:\/\/carpinteriamoran.com\/en\/wp-json\/wp\/v2\/comments?post=38"}],"version-history":[{"count":0,"href":"https:\/\/carpinteriamoran.com\/en\/wp-json\/wp\/v2\/pages\/38\/revisions"}],"wp:attachment":[{"href":"https:\/\/carpinteriamoran.com\/en\/wp-json\/wp\/v2\/media?parent=38"}],"curies":[{"name":"wp","href":"https:\/\/api.w.org\/{rel}","templated":true}]}}